{"id":2633,"date":"2023-03-29T06:47:09","date_gmt":"2023-03-29T06:47:09","guid":{"rendered":"https:\/\/www.lfcarbide.com\/?page_id=2633"},"modified":"2023-03-29T06:49:31","modified_gmt":"2023-03-29T06:49:31","slug":"tungsten-carbide-rods","status":"publish","type":"page","link":"https:\/\/www.lfcarbide.com\/es\/varillas-de-carburo-de-tungsteno\/","title":{"rendered":"Varillas de carburo de tungsteno"},"content":{"rendered":"<p><div class=\"fusion-fullwidth fullwidth-box fusion-builder-row-1 fusion-flex-container nonhundred-percent-fullwidth non-hundred-percent-height-scrolling\" style=\"background-color: rgba(255,255,255,0.03);background-position: center center;background-repeat: no-repeat;border-width: 0px 0px 0px 0px;border-color:#e2e2e2;border-style:solid;\" ><div class=\"fusion-builder-row fusion-row fusion-flex-align-items-flex-start\" style=\"max-width:1352px;margin-left: calc(-4% \/ 2 );margin-right: calc(-4% \/ 2 );\"><div class=\"fusion-layout-column fusion_builder_column fusion-builder-column-0 fusion_builder_column_1_1 1_1 fusion-flex-column\"><div class=\"fusion-column-wrapper fusion-flex-justify-content-flex-start fusion-content-layout-column\" style=\"background-position:left top;background-repeat:no-repeat;-webkit-background-size:cover;-moz-background-size:cover;-o-background-size:cover;background-size:cover;padding: 0px 0px 0px 0px;\"><div class=\"fusion-text fusion-text-1\"><p>Las varillas de carburo son piezas cil\u00edndricas s\u00f3lidas hechas de una combinaci\u00f3n de carburo de tungsteno y un aglutinante met\u00e1lico, normalmente cobalto. Se utilizan para una variedad de aplicaciones, incluidas herramientas de corte para metal y madera, piezas de desgaste para maquinaria y brocas para perforaci\u00f3n de petr\u00f3leo y gas.<\/p>\n<p>La dureza y el alto punto de fusi\u00f3n del carburo de tungsteno lo convierten en un material ideal para aplicaciones de corte y perforaci\u00f3n, mientras que el aglutinante met\u00e1lico brinda la dureza y durabilidad necesarias. La combinaci\u00f3n de estas propiedades permite que las varillas de carburo funcionen bien en entornos de alta tensi\u00f3n y mantengan su filo incluso despu\u00e9s de un uso prolongado.<\/p>\n<p>El proceso de fabricaci\u00f3n de varillas de carburo consiste en mezclar polvo de carburo de tungsteno con el aglutinante met\u00e1lico y darle a la mezcla la forma deseada. Luego, las varillas resultantes se sinterizan o se calientan bajo presi\u00f3n para fusionar el material y mejorar su densidad. El producto final es una varilla resistente y duradera que puede soportar altas temperaturas y cargas pesadas.<\/p>\n<p>En conclusi\u00f3n, las varillas de carburo son un componente importante en una variedad de aplicaciones industriales debido a su dureza, punto de fusi\u00f3n y tenacidad, lo que las hace ideales para aplicaciones de corte, perforaci\u00f3n y resistencia al desgaste.<\/p>\n<\/div><\/div><style type=\"text\/css\">.fusion-body .fusion-builder-column-0{width:100% !important;margin-top : 0px;margin-bottom : 20px;}.fusion-builder-column-0 > .fusion-column-wrapper {padding-top : 0px !important;padding-right : 0px !important;margin-right : 1.92%;padding-bottom : 0px !important;padding-left : 0px !important;margin-left : 1.92%;}@media only screen and (max-width:1024px) {.fusion-body .fusion-builder-column-0{width:100% !important;}.fusion-builder-column-0 > .fusion-column-wrapper {margin-right : 1.92%;margin-left : 1.92%;}}@media only screen and (max-width:640px) {.fusion-body .fusion-builder-column-0{width:100% !important;}.fusion-builder-column-0 > .fusion-column-wrapper {margin-right : 1.92%;margin-left : 1.92%;}}<\/style><\/div><div class=\"fusion-layout-column fusion_builder_column fusion-builder-column-1 fusion_builder_column_1_1 1_1 fusion-flex-column\"><div class=\"fusion-column-wrapper fusion-flex-justify-content-flex-start fusion-content-layout-column\" style=\"background-position:left top;background-repeat:no-repeat;-webkit-background-size:cover;-moz-background-size:cover;-o-background-size:cover;background-size:cover;padding: 0px 0px 0px 0px;\"><div class=\"fusion-text fusion-text-2\"><h3>Actuaciones de grado de varilla de carburo de tungten<\/h3>\n<div class=\"table-1\">\n<table width=\"100%\">\n<tbody>\n<tr style=\"height: 47.25pt;\">\n<td>Tipo<\/td>\n<td>Calificaci\u00f3n<\/td>\n<td>YO ASI<\/td>\n<td>Tama\u00f1o de grano de Wc<\/td>\n<td>Contenido de Co<\/td>\n<td>Densidad<\/td>\n<td>Dureza t\u00edpica<\/td>\n<td>TRS(\/MPa)<\/td>\n<\/tr>\n<tr style=\"height: 31.5pt;\">\n<td class=\"xl66\" style=\"height: 126.0pt; border-top: none; width: 54pt;\" rowspan=\"3\" width=\"72\" height=\"168\">Para cortar<\/td>\n<td>CF10<\/td>\n<td>K20\/K30<\/td>\n<td>0,8 \u03bcm<\/td>\n<td>10%<\/td>\n<td>14,4 g\/cm\u00b3<\/td>\n<td>HRA91.8<\/td>\n<td>3600<\/td>\n<\/tr>\n<tr style=\"height: 31.5pt;\">\n<td>CF12<\/td>\n<td>K20-K40<\/td>\n<td>0,6 \u03bcm<\/td>\n<td>12%<\/td>\n<td>14,1 g\/cm\u00b3<\/td>\n<td>HRA92.3<\/td>\n<td>3800<\/td>\n<\/tr>\n<tr style=\"height: 31.5pt;\">\n<td>CF25<\/td>\n<td>K05\/K10<\/td>\n<td>0,4 \u03bcm<\/td>\n<td>12%<\/td>\n<td>14,85 g\/cm\u00b3<\/td>\n<td>HRA92.8<\/td>\n<td>3800<\/td>\n<\/tr>\n<tr style=\"height: 31.5pt;\">\n<td class=\"xl66\" style=\"height: 63.0pt; border-top: none; width: 54pt;\" rowspan=\"2\" width=\"72\" height=\"84\">para estampar<\/td>\n<td>CFK3<\/td>\n<td>\/<\/td>\n<td>0,8-1,0 \u03bcm<\/td>\n<td>13%<\/td>\n<td>14,06 g\/cm\u00b3<\/td>\n<td>HRA90.8-91<\/td>\n<td>3600<\/td>\n<\/tr>\n<tr style=\"height: 31.5pt;\">\n<td>F7<\/td>\n<td>\/<\/td>\n<td>1,0 \u03bcm<\/td>\n<td>15%<\/td>\n<td>13,85 g\/cm\u00b3<\/td>\n<td>HRA89.3<\/td>\n<td>3800<\/td>\n<\/tr>\n<\/tbody>\n<\/table>\n<\/div>\n<\/div><\/div><style type=\"text\/css\">.fusion-body .fusion-builder-column-1{width:100% !important;margin-top : 0px;margin-bottom : 20px;}.fusion-builder-column-1 > .fusion-column-wrapper {padding-top : 0px !important;padding-right : 0px !important;margin-right : 1.92%;padding-bottom : 0px !important;padding-left : 0px !important;margin-left : 1.92%;}@media only screen and (max-width:1024px) {.fusion-body .fusion-builder-column-1{width:100% !important;}.fusion-builder-column-1 > .fusion-column-wrapper {margin-right : 1.92%;margin-left : 1.92%;}}@media only screen and (max-width:640px) {.fusion-body .fusion-builder-column-1{width:100% !important;}.fusion-builder-column-1 > .fusion-column-wrapper {margin-right : 1.92%;margin-left : 1.92%;}}<\/style><\/div><div class=\"fusion-layout-column fusion_builder_column fusion-builder-column-2 fusion_builder_column_1_1 1_1 fusion-flex-column\"><div class=\"fusion-column-wrapper fusion-flex-justify-content-flex-start fusion-content-layout-column\" style=\"background-position:left top;background-repeat:no-repeat;-webkit-background-size:cover;-moz-background-size:cover;-o-background-size:cover;background-size:cover;padding: 0px 0px 0px 0px;\"><div class=\"fusion-text fusion-text-3\"><div class=\"table-1\">\n<table width=\"100%\">\n<tbody>\n<tr>\n<td width=\"72\">Calificaci\u00f3n<\/td>\n<td colspan=\"7\" width=\"504\">Recomendar aplicaci\u00f3n<\/td>\n<\/tr>\n<tr>\n<td width=\"72\">CF10<\/td>\n<td colspan=\"7\" width=\"504\">Material de tama\u00f1o de grano fino de rendimiento estable, uso general para acero, hierro fundido, aluminio, cobre, aleaciones resistentes al calor, etc. Adecuado para hacer fresas, taladros, escariadores, etc.<\/td>\n<\/tr>\n<tr>\n<td width=\"72\">CF12<\/td>\n<td colspan=\"7\" width=\"504\">Con una alta resistencia al desgaste y una excelente resistencia a los golpes, es adecuado para fresar y taladrar acero inoxidable, acero templado, aleaciones de aluminio, aleaciones a base de n\u00edquel, etc.<\/td>\n<\/tr>\n<tr>\n<td width=\"72\">CF25<\/td>\n<td colspan=\"7\" width=\"504\">Material de tama\u00f1o de grano superfino, es adecuado para el mecanizado de desbaste y acabado de acero troquelado, acero inoxidable, aleaciones de aluminio superduras, aleaciones resistentes al calor y otros materiales generales por debajo de 60HRC.<\/td>\n<\/tr>\n<tr>\n<td width=\"72\">CFK3 y F7<\/td>\n<td colspan=\"7\" width=\"504\">Buena tenacidad, se utiliza para estampar troqueles, piezas resistentes al desgaste.<\/td>\n<\/tr>\n<\/tbody>\n<\/table>\n<\/div>\n<\/div><\/div><style type=\"text\/css\">.fusion-body .fusion-builder-column-2{width:100% !important;margin-top : 0px;margin-bottom : 20px;}.fusion-builder-column-2 > .fusion-column-wrapper {padding-top : 0px !important;padding-right : 0px !important;margin-right : 1.92%;padding-bottom : 0px !important;padding-left : 0px !important;margin-left : 1.92%;}@media only screen and (max-width:1024px) {.fusion-body .fusion-builder-column-2{width:100% !important;}.fusion-builder-column-2 > .fusion-column-wrapper {margin-right : 1.92%;margin-left : 1.92%;}}@media only screen and (max-width:640px) {.fusion-body .fusion-builder-column-2{width:100% !important;}.fusion-builder-column-2 > .fusion-column-wrapper {margin-right : 1.92%;margin-left : 1.92%;}}<\/style><\/div><\/div><style type=\"text\/css\">.fusion-body .fusion-flex-container.fusion-builder-row-1{ padding-top : 20px;margin-top : 0px;padding-right : 0px;padding-bottom : 20px;margin-bottom : 0px;padding-left : 0px;}<\/style><\/div><div class=\"fusion-fullwidth fullwidth-box fusion-builder-row-2 fusion-flex-container nonhundred-percent-fullwidth non-hundred-percent-height-scrolling\" style=\"background-color: #e8e8e8;background-position: center center;background-repeat: no-repeat;border-width: 0px 0px 0px 0px;border-color:#e2e2e2;border-style:solid;\" ><div class=\"fusion-builder-row fusion-row fusion-flex-align-items-flex-start\" style=\"max-width:1352px;margin-left: calc(-4% \/ 2 );margin-right: calc(-4% \/ 2 );\"><div class=\"fusion-layout-column fusion_builder_column fusion-builder-column-3 fusion_builder_column_1_1 1_1 fusion-flex-column\"><div class=\"fusion-column-wrapper fusion-flex-justify-content-flex-start fusion-content-layout-column\" style=\"background-position:left top;background-repeat:no-repeat;-webkit-background-size:cover;-moz-background-size:cover;-o-background-size:cover;background-size:cover;padding: 0px 0px 0px 0px;\"><div class=\"fusion-text fusion-text-4\"><h2 style=\"text-align: center;\">\u00bfC\u00f3mo se fabrican las varillas de carburo de tungsteno?<\/h2>\n<\/div><\/div><style type=\"text\/css\">.fusion-body .fusion-builder-column-3{width:100% !important;margin-top : 0px;margin-bottom : 20px;}.fusion-builder-column-3 > .fusion-column-wrapper {padding-top : 0px !important;padding-right : 0px !important;margin-right : 1.92%;padding-bottom : 0px !important;padding-left : 0px !important;margin-left : 1.92%;}@media only screen and (max-width:1024px) {.fusion-body .fusion-builder-column-3{width:100% !important;}.fusion-builder-column-3 > .fusion-column-wrapper {margin-right : 1.92%;margin-left : 1.92%;}}@media only screen and (max-width:640px) {.fusion-body .fusion-builder-column-3{width:100% !important;}.fusion-builder-column-3 > .fusion-column-wrapper {margin-right : 1.92%;margin-left : 1.92%;}}<\/style><\/div><div class=\"fusion-layout-column fusion_builder_column fusion-builder-column-4 fusion_builder_column_1_4 1_4 fusion-flex-column\"><div class=\"fusion-column-wrapper fusion-flex-justify-content-flex-start fusion-content-layout-column\" style=\"background-position:left top;background-repeat:no-repeat;-webkit-background-size:cover;-moz-background-size:cover;-o-background-size:cover;background-size:cover;padding: 0px 0px 0px 0px;\"><div ><span class=\"fusion-imageframe imageframe-none imageframe-1 hover-type-none\"><img decoding=\"async\" src=\"https:\/\/www.cftungsten.com\/wp-content\/uploads\/2019\/07\/wet-milling-300x225.jpg\" class=\"img-responsive\"\/><\/span><\/div><div class=\"fusion-text fusion-text-5\"><h4>Molienda h\u00fameda<\/h4>\n<p>Utilizamos polvo de carburo de tungsteno de tama\u00f1o de grano fino y ultrafino. Para controlar el tama\u00f1o de grano uniforme, la molienda h\u00fameda es el primer paso.<\/p>\n<\/div><\/div><style type=\"text\/css\">.fusion-body .fusion-builder-column-4{width:25% !important;margin-top : 0px;margin-bottom : 20px;}.fusion-builder-column-4 > .fusion-column-wrapper {padding-top : 0px !important;padding-right : 0px !important;margin-right : 7.68%;padding-bottom : 0px !important;padding-left : 0px !important;margin-left : 7.68%;}@media only screen and (max-width:1024px) {.fusion-body .fusion-builder-column-4{width:25% !important;}.fusion-builder-column-4 > .fusion-column-wrapper {margin-right : 7.68%;margin-left : 7.68%;}}@media only screen and (max-width:640px) {.fusion-body .fusion-builder-column-4{width:100% !important;}.fusion-builder-column-4 > .fusion-column-wrapper {margin-right : 1.92%;margin-left : 1.92%;}}<\/style><\/div><div class=\"fusion-layout-column fusion_builder_column fusion-builder-column-5 fusion_builder_column_1_4 1_4 fusion-flex-column\"><div class=\"fusion-column-wrapper fusion-flex-justify-content-flex-start fusion-content-layout-column\" style=\"background-position:left top;background-repeat:no-repeat;-webkit-background-size:cover;-moz-background-size:cover;-o-background-size:cover;background-size:cover;padding: 0px 0px 0px 0px;\"><div ><span class=\"fusion-imageframe imageframe-none imageframe-2 hover-type-none\"><img decoding=\"async\" src=\"https:\/\/www.cftungsten.com\/wp-content\/uploads\/2019\/07\/extrusion-300x225.jpg\" class=\"img-responsive\"\/><\/span><\/div><div class=\"fusion-text fusion-text-6\"><h4>Extrusi\u00f3n<\/h4>\n<p>Antes de la extrusi\u00f3n, debe secarse y granularse. La extrusi\u00f3n es la forma principal de prensar varillas largas de carburo como 300, 310,330 mm. Manejamos varillas de carburo de diferentes di\u00e1metros con diferentes m\u00e1quinas de extrusi\u00f3n para mejorar la eficiencia de producci\u00f3n. Podemos manejar el di\u00e1metro de 2-30 mm.<\/p>\n<\/div><\/div><style type=\"text\/css\">.fusion-body .fusion-builder-column-5{width:25% !important;margin-top : 0px;margin-bottom : 20px;}.fusion-builder-column-5 > .fusion-column-wrapper {padding-top : 0px !important;padding-right : 0px !important;margin-right : 7.68%;padding-bottom : 0px !important;padding-left : 0px !important;margin-left : 7.68%;}@media only screen and (max-width:1024px) {.fusion-body .fusion-builder-column-5{width:25% !important;}.fusion-builder-column-5 > .fusion-column-wrapper {margin-right : 7.68%;margin-left : 7.68%;}}@media only screen and (max-width:640px) {.fusion-body .fusion-builder-column-5{width:100% !important;}.fusion-builder-column-5 > .fusion-column-wrapper {margin-right : 1.92%;margin-left : 1.92%;}}<\/style><\/div><div class=\"fusion-layout-column fusion_builder_column fusion-builder-column-6 fusion_builder_column_1_4 1_4 fusion-flex-column\"><div class=\"fusion-column-wrapper fusion-flex-justify-content-flex-start fusion-content-layout-column\" style=\"background-position:left top;background-repeat:no-repeat;-webkit-background-size:cover;-moz-background-size:cover;-o-background-size:cover;background-size:cover;padding: 0px 0px 0px 0px;\"><div ><span class=\"fusion-imageframe imageframe-none imageframe-3 hover-type-none\"><img decoding=\"async\" src=\"https:\/\/www.cftungsten.com\/wp-content\/uploads\/2019\/07\/Sintering-300x225.jpg\" class=\"img-responsive\"\/><\/span><\/div><div class=\"fusion-text fusion-text-7\"><h4>Sinterizaci\u00f3n de cadera<\/h4>\n<p>Sinterizado bajo presi\u00f3n de 6Mpa y 1400\u2103+.<\/p>\n<p>Cada lote despu\u00e9s de sinterizado, lo haremos <strong>an\u00e1lisis en primer lugar<\/strong>. Fuerza coercitiva, Dureza, TRS, Densidad, Metalogr\u00e1fica. Para garantizar que las varillas de carburo que enviamos al cliente est\u00e9n calificadas.<\/p>\n<\/div><\/div><style type=\"text\/css\">.fusion-body .fusion-builder-column-6{width:25% !important;margin-top : 0px;margin-bottom : 20px;}.fusion-builder-column-6 > .fusion-column-wrapper {padding-top : 0px !important;padding-right : 0px !important;margin-right : 7.68%;padding-bottom : 0px !important;padding-left : 0px !important;margin-left : 7.68%;}@media only screen and (max-width:1024px) {.fusion-body .fusion-builder-column-6{width:25% !important;}.fusion-builder-column-6 > .fusion-column-wrapper {margin-right : 7.68%;margin-left : 7.68%;}}@media only screen and (max-width:640px) {.fusion-body .fusion-builder-column-6{width:100% !important;}.fusion-builder-column-6 > .fusion-column-wrapper {margin-right : 1.92%;margin-left : 1.92%;}}<\/style><\/div><div class=\"fusion-layout-column fusion_builder_column fusion-builder-column-7 fusion_builder_column_1_4 1_4 fusion-flex-column\"><div class=\"fusion-column-wrapper fusion-flex-justify-content-flex-start fusion-content-layout-column\" style=\"background-position:left top;background-repeat:no-repeat;-webkit-background-size:cover;-moz-background-size:cover;-o-background-size:cover;background-size:cover;padding: 0px 0px 0px 0px;\"><div ><span class=\"fusion-imageframe imageframe-none imageframe-4 hover-type-none\"><img decoding=\"async\" src=\"https:\/\/www.cftungsten.com\/wp-content\/uploads\/2019\/07\/cutting-300x225.jpg\" class=\"img-responsive\"\/><\/span><\/div><div class=\"fusion-text fusion-text-8\"><h4>Cortar a corto<\/h4>\n<p>Las varillas de carburo de tungsteno sinterizado tienen una longitud est\u00e1ndar de 300-330 mm. Se necesitaba la m\u00e1quina de corte autom\u00e1tico para cortarlas en varillas de carburo cortas est\u00e1ndar o no est\u00e1ndar, seg\u00fan se requiera, como 45 mm, 50 mm, 150 mm de largo, etc.<\/p>\n<p>El siguiente paso es <strong>Rectificado de precisi\u00f3n<\/strong>, planeamos agregar una m\u00e1quina de moler para atender al cliente.<\/p>\n<\/div><\/div><style type=\"text\/css\">.fusion-body .fusion-builder-column-7{width:25% !important;margin-top : 0px;margin-bottom : 20px;}.fusion-builder-column-7 > .fusion-column-wrapper {padding-top : 0px !important;padding-right : 0px !important;margin-right : 7.68%;padding-bottom : 0px !important;padding-left : 0px !important;margin-left : 7.68%;}@media only screen and (max-width:1024px) {.fusion-body .fusion-builder-column-7{width:25% !important;}.fusion-builder-column-7 > .fusion-column-wrapper {margin-right : 7.68%;margin-left : 7.68%;}}@media only screen and (max-width:640px) {.fusion-body .fusion-builder-column-7{width:100% !important;}.fusion-builder-column-7 > .fusion-column-wrapper {margin-right : 1.92%;margin-left : 1.92%;}}<\/style><\/div><\/div><style type=\"text\/css\">.fusion-body .fusion-flex-container.fusion-builder-row-2{ padding-top : 3%;margin-top : 0px;padding-right : 0px;padding-bottom : 3%;margin-bottom : 0px;padding-left : 0px;}<\/style><\/div><div class=\"fusion-fullwidth fullwidth-box fusion-builder-row-3 fusion-flex-container nonhundred-percent-fullwidth non-hundred-percent-height-scrolling\" style=\"background-color: rgba(255,255,255,0);background-position: center center;background-repeat: no-repeat;border-width: 0px 0px 0px 0px;border-color:#e2e2e2;border-style:solid;\" ><div class=\"fusion-builder-row fusion-row fusion-flex-align-items-flex-start\" style=\"max-width:1352px;margin-left: calc(-4% \/ 2 );margin-right: calc(-4% \/ 2 );\"><div class=\"fusion-layout-column fusion_builder_column fusion-builder-column-8 fusion_builder_column_1_4 1_4 fusion-flex-column\"><div class=\"fusion-column-wrapper fusion-flex-justify-content-flex-start fusion-content-layout-column\" style=\"background-position:left top;background-repeat:no-repeat;-webkit-background-size:cover;-moz-background-size:cover;-o-background-size:cover;background-size:cover;padding: 0px 0px 0px 0px;\"><div ><span class=\"fusion-imageframe imageframe-none imageframe-5 hover-type-zoomin\"><a class=\"fusion-no-lightbox\" href=\"https:\/\/www.lfcarbide.com\/es\/varillas-de-carburo-solido\/\" target=\"_self\" aria-label=\"Varillas de carburo sin rectificar CF12\"><img decoding=\"async\" width=\"600\" height=\"450\" src=\"https:\/\/www.lfcarbide.com\/wp-content\/uploads\/2023\/03\/CF12-Unground-Carbide-Rods-600x450.jpg\" class=\"img-responsive wp-image-235\" srcset=\"https:\/\/www.lfcarbide.com\/wp-content\/uploads\/2023\/03\/CF12-Unground-Carbide-Rods-200x150.jpg 200w, https:\/\/www.lfcarbide.com\/wp-content\/uploads\/2023\/03\/CF12-Unground-Carbide-Rods-400x300.jpg 400w, https:\/\/www.lfcarbide.com\/wp-content\/uploads\/2023\/03\/CF12-Unground-Carbide-Rods-600x450.jpg 600w, https:\/\/www.lfcarbide.com\/wp-content\/uploads\/2023\/03\/CF12-Unground-Carbide-Rods-800x600.jpg 800w, https:\/\/www.lfcarbide.com\/wp-content\/uploads\/2023\/03\/CF12-Unground-Carbide-Rods-1200x900.jpg 1200w\" sizes=\"(max-width: 640px) 100vw, 400px\" \/><\/a><\/span><\/div><div class=\"fusion-text fusion-text-9\"><h4><a href=\"https:\/\/www.lfcarbide.com\/es\/varillas-de-carburo-solido\/\">Varillas de carburo de tungsteno s\u00f3lido<\/a><\/h4>\n<\/div><\/div><style type=\"text\/css\">.fusion-body .fusion-builder-column-8{width:25% !important;margin-top : 0px;margin-bottom : 20px;}.fusion-builder-column-8 > .fusion-column-wrapper {padding-top : 0px !important;padding-right : 0px !important;margin-right : 3.84%;padding-bottom : 0px !important;padding-left : 0px !important;margin-left : 7.68%;}@media only screen and (max-width:1024px) {.fusion-body .fusion-builder-column-8{width:25% !important;}.fusion-builder-column-8 > .fusion-column-wrapper {margin-right : 3.84%;margin-left : 7.68%;}}@media only screen and (max-width:640px) {.fusion-body .fusion-builder-column-8{width:100% !important;}.fusion-builder-column-8 > .fusion-column-wrapper {margin-right : 1.92%;margin-left : 1.92%;}}<\/style><\/div><\/div><style type=\"text\/css\">.fusion-body .fusion-flex-container.fusion-builder-row-3{ padding-top : 3%;margin-top : 0px;padding-right : 0px;padding-bottom : 0px;margin-bottom : 0px;padding-left : 0px;}<\/style><\/div><\/p>","protected":false},"excerpt":{"rendered":"","protected":false},"author":1,"featured_media":0,"parent":0,"menu_order":0,"comment_status":"closed","ping_status":"closed","template":"","meta":{"footnotes":""},"_links":{"self":[{"href":"https:\/\/www.lfcarbide.com\/es\/wp-json\/wp\/v2\/pages\/2633"}],"collection":[{"href":"https:\/\/www.lfcarbide.com\/es\/wp-json\/wp\/v2\/pages"}],"about":[{"href":"https:\/\/www.lfcarbide.com\/es\/wp-json\/wp\/v2\/types\/page"}],"author":[{"embeddable":true,"href":"https:\/\/www.lfcarbide.com\/es\/wp-json\/wp\/v2\/users\/1"}],"replies":[{"embeddable":true,"href":"https:\/\/www.lfcarbide.com\/es\/wp-json\/wp\/v2\/comments?post=2633"}],"version-history":[{"count":0,"href":"https:\/\/www.lfcarbide.com\/es\/wp-json\/wp\/v2\/pages\/2633\/revisions"}],"wp:attachment":[{"href":"https:\/\/www.lfcarbide.com\/es\/wp-json\/wp\/v2\/media?parent=2633"}],"curies":[{"name":"wp","href":"https:\/\/api.w.org\/{rel}","templated":true}]}}